{"id":3,"date":"2019-03-03T09:51:36","date_gmt":"2019-03-03T08:51:36","guid":{"rendered":"http:\/\/localhost\/?page_id=3"},"modified":"2021-09-28T16:42:45","modified_gmt":"2021-09-28T14:42:45","slug":"datenschutzerklaerung","status":"publish","type":"page","link":"https:\/\/susannebabies.de\/?page_id=3","title":{"rendered":"Datenschutz"},"content":{"rendered":"\n<p class=\"has-medium-font-size\"><strong>Datenschutzerkl\u00e4rung<\/strong><br>Der Besuch dieser Website ist mit der Verarbeitung von personenbezogenen Daten verbunden. Zwar sind beim blo\u00dfen Aufrufen der Seite grunds\u00e4tzlich keine Angaben \u00fcber personenbezogene Daten erforderlich, da jedoch bestimmte Funktionen der Website und damit m\u00f6glicherweise verbundener Dienste einen Verarbeitungsvorgang hervorrufen k\u00f6nnen, sollen alle Besucher an dieser Stelle \u00fcber die f\u00fcr die Verarbeitung verantwortliche Stelle, den Zweck und den Umfang der Verarbeitung und nat\u00fcrlich \u00fcber ihre Rechte als Betroffene informiert werden. Alle Datenverarbeitungsvorg\u00e4nge auf dieser Website erfolgen im Einklang mit den datenschutzrechtlichen gesetzlichen Vorschriften, insbesondere mit der Datenschutz-Grundverordnung (DSGVO). Es wird daher von den Betroffenen eine Einwilligung f\u00fcr die Verarbeitung eingeholt, wenn nicht eine gesetzliche Grundlage f\u00fcr den einzelnen Verarbeitungsvorgang vorhanden ist. <\/p>\n\n\n\n<p class=\"has-medium-font-size\"><strong>Verantwortliche Stelle<\/strong><br>Susanne Babies<br>Gubener Stra\u00dfe 48<br>10243 Berlin<br><br>E-Mail: sbabies@gmx.net<br>Tel.: 030\/9765487  <\/p>\n\n\n\n<p class=\"has-medium-font-size\"><strong>Statistik, Darstellung, Zusammenarbeit mit Beh\u00f6rden<\/strong><br>Zur Erstellung von Zugriffsstatistiken, f\u00fcr die korrekte Darstellung der Inhalte sowie zur bestm\u00f6glichen Zusammenarbeit mit den Strafverfolgungsbeh\u00f6rden im Falle eines Cyberangriffs werden beim Besuch dieser Website die folgenden Daten erfasst: <br>\u00b7  IP-Adresse<br> \u00b7 URL der abgerufenen Seite<br> \u00b7 Referer (die vorhergehende Seite, von der an die aufgerufene Seite weiterverwiesen wurde)<br> \u00b7 Seiten, die \u00fcber diese Website aufgerufen werden<br> \u00b7 Datum und Uhrzeit des Zugriffs<br> \u00b7 Dauer des Zugriffs<br> \u00b7 Informationen \u00fcber den Internet-Service-Provider, das genutzte Betriebssystem und den genutzten Browser <\/p>\n\n\n\n<p class=\"has-medium-font-size\">Diese beim Besuch der Website erhobenen Daten werden getrennt von anderen Daten, die im Rahmen der Nutzung der Website m\u00f6glicherweise eingegeben werden, gespeichert und werden nur intern zu den genannten Zwecken genutzt und nicht an Dritte weitergegeben, es sei denn, dazu besteht eine gesetzliche Verpflichtung. Eine Zuordnung dieser Daten zu einer bestimmten Person ist nicht m\u00f6glich.<\/p>\n\n\n\n<p class=\"has-medium-font-size\"><strong>Cookies<\/strong><br>Auf dieser Website kommen sogenannte Cookies zum Einsatz (Session-Cookies und Permanent-Cookies). Cookies sind von einem Server generierte Textdateien, in denen Informationen \u00fcber den auf die Seite zugreifenden Nutzer gespeichert und auf dessen Ger\u00e4t abgelegt werden. Session-Cookies werden nur f\u00fcr die Dauer des Besuches der Website, Permanent-Cookies hingegen werden dauerhaft auf dem Ger\u00e4t des Nutzers gespeichert. Bei erneutem Zugriff auf die Website kann der Server den Nutzer \u00fcber die Permanent-Cookies identifizieren und die auf diese Weise hinterlegten Informationen auswerten. Die durch den Einsatz von Cookies erhobenen Daten k\u00f6nnen mit den mittels Erstellung von Nutzungsprofilen erhobenen Daten zusammengef\u00fchrt werden. <\/p>\n\n\n\n<p class=\"has-medium-font-size\">Wenn der Nutzer mit dem Einsatz von Cookies nicht einverstanden ist, hat er die M\u00f6glichkeit, \u00fcber Einstellungen des Browsers das Setzen von Cookies zu verhindern und auch bereits gesetzte Cookies zu l\u00f6schen. Es ist dann jedoch nicht sichergestellt, dass die Website vollst\u00e4ndig angezeigt wird und alle Funktionen genutzt werden k\u00f6nnen.<\/p>\n\n\n\n<p class=\"has-medium-font-size\">Zweck des Einsatzes von Cookies ist, die Nutzung der Website zu vereinfachen und in Teilen \u00fcberhaupt zu erm\u00f6glichen. Es sollen durch die Auswertung der mittels Cookies erhobenen Daten au\u00dferdem die Qualit\u00e4t der Website und der Inhalte verbessert werden.<\/p>\n\n\n\n<p class=\"has-medium-font-size\"><strong>Kontaktaufnahme per E-Mail<\/strong><br>Es besteht die M\u00f6glichkeit, per E-Mail pers\u00f6nliche Daten an uns zu \u00fcbermitteln. Den Umfang und die Art der so \u00fcbermittelten Daten bestimmen Sie grunds\u00e4tzlich selbst durch den Inhalt der E-Mail. Es wird hier darauf hingewiesen, dass der Versand einer E-Mail als Einwilligung zur Datenverarbeitung gewertet wird. Die Daten k\u00f6nnen f\u00fcr vorvertragliche Ma\u00dfnahmen und zur Vertragserf\u00fcllung genutzt werden. <\/p>\n\n\n\n<p class=\"has-medium-font-size\"><strong>Speicherdauer und L\u00f6schung<\/strong><br>Die auf dieser Website verarbeiteten Daten werden nach der Erreichung des mit der Verarbeitung jeweils beabsichtigten Zweckes, nicht jedoch vor Ablauf einer gesetzlichen Aufbewahrungsfrist gel\u00f6scht. Insoweit die Daten f\u00fcr den Abschluss eines Vertrages, die Vertragserf\u00fcllung und\/oder die Vertragsbeendigung erforderlich sind, werden sie f\u00fcr die daf\u00fcr jeweils notwendige Zeit gespeichert und nach Beendigung der vertraglichen Beziehung gel\u00f6scht, soweit es nicht vertragliche und\/oder gesetzliche Pflichten zur Speicherung der Daten gibt. <\/p>\n\n\n\n<p class=\"has-medium-font-size\"><strong>Rechtsgrundlage<\/strong><br>Rechtsgrundlage f\u00fcr die Verarbeitung von Daten ist Art. 6 Abs. 1 lit. a) DSGVO, wenn die Daten nach einer Einwilligung des Betroffenen verarbeitet werden. Regelm\u00e4\u00dfig wird die Datenverarbeitung jedoch zur Vertragserf\u00fcllung (Art. 6 Abs. 1 lit. b) DSGVO) oder zur Wahrung berechtigter Interessen (Art. 6 Abs. 1 lit. f) DSGVO) erforderlich sein. Das berechtigte Interesse der Verarbeitung ist hier die Bereitstellung und Aufrechterhaltung des Online-Angebots zur Information der (potentiellen) Kunden und (potentiellen) Gesch\u00e4ftspartner sowie anderer an dem Internetauftritt Interessierter. In Ausnahmef\u00e4llen ist Rechtsgrundlage auch ein anderer in Art. 6 Abs. 1 lit. c) \u2013 e) DSGVO aufgef\u00fchrter Grund. <\/p>\n\n\n\n<p class=\"has-medium-font-size\"><strong>Ihre Rechte<\/strong> <br>Nach der DSGVO haben die von der Datenverarbeitung Betroffenen ein Auskunftsrecht (Art.15 DSGVO) \u00fcber die von ihnen erhobenen Daten, k\u00f6nnen eine Best\u00e4tigung \u00fcber die Datenverarbeitung und eine Zurverf\u00fcgungstellung einer Kopie der Daten verlangen sowie ein Beschwerderecht bei der zust\u00e4ndigen Aufsichtsbeh\u00f6rde (Art. 77 DSGVO). Sie haben ein Recht auf Berichtigung (Art. 16 DSGVO), das auch in der Vervollst\u00e4ndigung der Daten liegen kann. Sie haben ein Recht auf L\u00f6schung (\u201eVergessenwerden\u201c) (Art. Art. 17 DSGVO) und ein Recht auf Einschr\u00e4nkung der Verarbeitung (Art. 18 DSGVO) sowie ein Recht auf Daten\u00fcbertragbarkeit (Art. 20 DSGVO). Betroffene haben ein Recht auf Widerspruch (Art. 21 DSGVO) der k\u00fcnftigen Verarbeitung der Daten und es gelten die Einschr\u00e4nkungen zu den Automatisierten Entscheidungen im Einzelfall einschlie\u00dflich Profiling (Art. 22 DSGVO). Wenn Sie in die Datenverarbeitung eingewilligt haben und die Daten auf dieser Grundlage verarbeitet werden, haben Sie jederzeit ein Recht auf Widerruf dieser Einwilligung. <\/p>\n\n\n\n<p class=\"has-medium-font-size\">Berlin, den 06. M\u00e4rz 2019<\/p>\n","protected":false},"excerpt":{"rendered":"<p>Datenschutzerkl\u00e4rungDer Besuch dieser Website ist mit der Verarbeitung von personenbezogenen Daten verbunden. Zwar sind beim blo\u00dfen Aufrufen der Seite grunds\u00e4tzlich keine Angaben \u00fcber personenbezogene Daten erforderlich, da jedoch bestimmte Funktionen der Website und damit m\u00f6glicherweise verbundener Dienste einen Verarbeitungsvorgang hervorrufen k\u00f6nnen, sollen alle Besucher an dieser Stelle \u00fcber die f\u00fcr die Verarbeitung verantwortliche Stelle, den &hellip; <a href=\"https:\/\/susannebabies.de\/?page_id=3\" class=\"more-link\"><span class=\"screen-reader-text\">&#8222;Datenschutz&#8220; <\/span>weiterlesen<\/a><\/p>\n","protected":false},"author":1,"featured_media":0,"parent":0,"menu_order":7,"comment_status":"closed","ping_status":"closed","template":"","meta":{"ngg_post_thumbnail":0},"_links":{"self":[{"href":"https:\/\/susannebabies.de\/index.php?rest_route=\/wp\/v2\/pages\/3"}],"collection":[{"href":"https:\/\/susannebabies.de\/index.php?rest_route=\/wp\/v2\/pages"}],"about":[{"href":"https:\/\/susannebabies.de\/index.php?rest_route=\/wp\/v2\/types\/page"}],"author":[{"embeddable":true,"href":"https:\/\/susannebabies.de\/index.php?rest_route=\/wp\/v2\/users\/1"}],"replies":[{"embeddable":true,"href":"https:\/\/susannebabies.de\/index.php?rest_route=%2Fwp%2Fv2%2Fcomments&post=3"}],"version-history":[{"count":18,"href":"https:\/\/susannebabies.de\/index.php?rest_route=\/wp\/v2\/pages\/3\/revisions"}],"predecessor-version":[{"id":632,"href":"https:\/\/susannebabies.de\/index.php?rest_route=\/wp\/v2\/pages\/3\/revisions\/632"}],"wp:attachment":[{"href":"https:\/\/susannebabies.de\/index.php?rest_route=%2Fwp%2Fv2%2Fmedia&parent=3"}],"curies":[{"name":"wp","href":"https:\/\/api.w.org\/{rel}","templated":true}]}}