{"id":14,"date":"2019-03-04T16:32:21","date_gmt":"2019-03-04T15:32:21","guid":{"rendered":"http:\/\/localhost\/?page_id=14"},"modified":"2019-03-12T18:38:53","modified_gmt":"2019-03-12T17:38:53","slug":"biographie","status":"publish","type":"page","link":"https:\/\/susannebabies.de\/?page_id=14","title":{"rendered":"about"},"content":{"rendered":"\n<div class=\"wp-block-media-text alignwide has-media-on-the-right\" style=\"grid-template-columns:auto 26%\"><figure class=\"wp-block-media-text__media\"><img loading=\"lazy\" width=\"267\" height=\"300\" src=\"http:\/\/susannebabies.de\/wp-content\/uploads\/2019\/03\/portrait-SB-small-267x300.jpg\" alt=\"\" class=\"wp-image-54\"\/><\/figure><div class=\"wp-block-media-text__content\">\n<p><\/p>\n\n\n\n<p style=\"text-align:left\">Susanne Babies wuchs in Berlin auf, malte, zeichnete, ging dann viele verschiedene Wege und kehrte zur Kunst zur\u00fcck. Nach ihrem Studienabschluss 2006 in Potsdam gr\u00fcndete sie LIKA Kinderzimmerbilder und er\u00f6ffnete 2012 ihr eigenes Malstudio. Inspiriert von der Natur, von Fotos und von verblassten Strukturen auf Papieren in ihrem Malstudio, entstehen Illustrationen, die Kindlichkeit, Witz, Melancholie und Fantasie zeigen. Susanne entwickelte dabei eine Vorliebe f\u00fcr Tinte und den Tiefdruck.<\/p>\n\n\n\n<p>Sie lebt und arbeitet in Berlin.  <\/p>\n<\/div><\/div>\n","protected":false},"excerpt":{"rendered":"<p>Susanne Babies wuchs in Berlin auf, malte, zeichnete, ging dann viele verschiedene Wege und kehrte zur Kunst zur\u00fcck. Nach ihrem Studienabschluss 2006 in Potsdam gr\u00fcndete sie LIKA Kinderzimmerbilder und er\u00f6ffnete 2012 ihr eigenes Malstudio. Inspiriert von der Natur, von Fotos und von verblassten Strukturen auf Papieren in ihrem Malstudio, entstehen Illustrationen, die Kindlichkeit, Witz, Melancholie &hellip; <a href=\"https:\/\/susannebabies.de\/?page_id=14\" class=\"more-link\"><span class=\"screen-reader-text\">&#8222;about&#8220; <\/span>weiterlesen<\/a><\/p>\n","protected":false},"author":1,"featured_media":0,"parent":0,"menu_order":1,"comment_status":"closed","ping_status":"closed","template":"","meta":{"ngg_post_thumbnail":0},"_links":{"self":[{"href":"https:\/\/susannebabies.de\/index.php?rest_route=\/wp\/v2\/pages\/14"}],"collection":[{"href":"https:\/\/susannebabies.de\/index.php?rest_route=\/wp\/v2\/pages"}],"about":[{"href":"https:\/\/susannebabies.de\/index.php?rest_route=\/wp\/v2\/types\/page"}],"author":[{"embeddable":true,"href":"https:\/\/susannebabies.de\/index.php?rest_route=\/wp\/v2\/users\/1"}],"replies":[{"embeddable":true,"href":"https:\/\/susannebabies.de\/index.php?rest_route=%2Fwp%2Fv2%2Fcomments&post=14"}],"version-history":[{"count":53,"href":"https:\/\/susannebabies.de\/index.php?rest_route=\/wp\/v2\/pages\/14\/revisions"}],"predecessor-version":[{"id":500,"href":"https:\/\/susannebabies.de\/index.php?rest_route=\/wp\/v2\/pages\/14\/revisions\/500"}],"wp:attachment":[{"href":"https:\/\/susannebabies.de\/index.php?rest_route=%2Fwp%2Fv2%2Fmedia&parent=14"}],"curies":[{"name":"wp","href":"https:\/\/api.w.org\/{rel}","templated":true}]}}